{"id":179,"date":"2023-11-12T09:32:09","date_gmt":"2023-11-12T08:32:09","guid":{"rendered":"https:\/\/www.mgv-oberperfuss.at\/mgv\/?page_id=3"},"modified":"2023-11-14T13:11:49","modified_gmt":"2023-11-14T13:11:49","slug":"datenschutzerklaerung","status":"publish","type":"page","link":"https:\/\/www.mgv-oberperfuss.at\/mgv2\/datenschutzerklaerung\/","title":{"rendered":"Datenschutzerkl\u00e4rung"},"content":{"rendered":"\n<div class=\"wp-block-group has-global-padding is-layout-constrained wp-block-group-is-layout-constrained\">\n<h3 class=\"wp-block-heading\"><strong>Erkl\u00e4rung zur Informationspflicht &#8211; Datenschutzerkl\u00e4rung<\/strong><\/h3>\n\n\n\n<p>Der Schutz Ihrer pers\u00f6nlichen Daten ist uns ein besonderes Anliegen. Wir verarbeiten Ihre Daten daher ausschlie\u00dflich auf Grundlage der gesetzlichen Bestimmungen (DSGVO, TKG 2003). In diesen Datenschutzinformationen informieren wir Sie \u00fcber die wichtigsten Aspekte der Datenverarbeitung im Rahmen unserer Website.<\/p>\n\n\n\n<h3 class=\"wp-block-heading\"><strong>Kontakt mit uns<\/strong><\/h3>\n\n\n\n<p>Wenn Sie per Formular auf der Website oder per E-Mail Kontakt mit uns aufnehmen, werden Ihre angegebenen Daten zwecks Bearbeitung der Anfrage gespeichert. Diese Daten geben wir nicht ohne Ihre Einwilligung weiter.<\/p>\n\n\n\n<h3 class=\"wp-block-heading\"><strong>Cookies<\/strong><\/h3>\n\n\n\n<p>Unsere Website verwendet so genannte Cookies. Dabei handelt es sich um kleine Textdateien, die mit Hilfe des Browsers auf Ihrem Endger\u00e4t abgelegt werden. Sie richten keinen Schaden an. Wir nutzen nur Cookies, die f\u00fcr das Funktionieren des WEB-Auftritts notwendig sind. Diese Cookies geben keine Daten von ihnen an uns weiter.<\/p>\n\n\n\n<h3 class=\"wp-block-heading\"><strong>Ihre Rechte<\/strong><\/h3>\n\n\n\n<p>Sie haben als Nutzer das Recht, auf Antrag eine kostenlose Auskunft dar\u00fcber zu erhalten, welche personenbezogenen Daten \u00fcber Sie gespeichert wurden. Sollten Sie annehmen, dass Ihre Daten unrechtm\u00e4\u00dfig verarbeitet wurden, k\u00f6nnen Sie eine Beschwerde bei der zust\u00e4ndigen Aufsichtsbeh\u00f6rde einreichen.<\/p>\n\n\n\n<p>Sofern Ihr Wunsch nicht mit einer gesetzlichen Pflicht zur Aufbewahrung von Daten (z. B. Vorratsdatenspeicherung) kollidiert, haben Sie ein Anrecht auf L\u00f6schung Ihrer Daten. Von uns gespeicherte Daten werden, sollten sie f\u00fcr ihre Zweckbestimmung nicht mehr vonn\u00f6ten sein und es keine gesetzlichen Aufbewahrungsfristen geben, gel\u00f6scht. <\/p>\n\n\n\n<h3 class=\"wp-block-heading\"><strong>Sie erreichen uns unter folgenden Kontaktdaten<\/strong>:<\/h3>\n\n\n\n<p>M\u00e4nnergesangsverein Oberperfuss, A-6173 Oberperfuss, Mail: obmann@mgv-oberperfuss.at<\/p>\n\n\n\n<p>Aktuelle Kontaktdaten des Obmanns finden sie auch auf dieser WEB-Seite unter dem entsprechenden <a href=\"https:\/\/www.mgv-oberperfuss.at\/mgv2\/verbindet-euch-mit-uns\/\" data-type=\"page\" data-id=\"372\">Men\u00fcpunkt.<\/a><\/p>\n\n\n\n<p>Stand: J\u00e4nner 2024<\/p>\n<\/div>\n","protected":false},"excerpt":{"rendered":"<p>Erkl\u00e4rung zur Informationspflicht &#8211; Datenschutzerkl\u00e4rung Der Schutz Ihrer pers\u00f6nlichen Daten ist uns ein besonderes Anliegen. Wir verarbeiten Ihre Daten daher ausschlie\u00dflich auf Grundlage der gesetzlichen Bestimmungen (DSGVO, TKG 2003). In diesen Datenschutzinformationen informieren wir Sie \u00fcber die wichtigsten Aspekte der Datenverarbeitung im Rahmen unserer Website. Kontakt mit uns Wenn Sie per Formular auf der Website [&hellip;]<\/p>\n","protected":false},"author":1,"featured_media":0,"parent":0,"menu_order":0,"comment_status":"closed","ping_status":"closed","template":"page-with-sidebar","meta":{"ngg_post_thumbnail":0,"footnotes":""},"class_list":["post-179","page","type-page","status-publish","hentry"],"_links":{"self":[{"href":"https:\/\/www.mgv-oberperfuss.at\/mgv2\/wp-json\/wp\/v2\/pages\/179","targetHints":{"allow":["GET"]}}],"collection":[{"href":"https:\/\/www.mgv-oberperfuss.at\/mgv2\/wp-json\/wp\/v2\/pages"}],"about":[{"href":"https:\/\/www.mgv-oberperfuss.at\/mgv2\/wp-json\/wp\/v2\/types\/page"}],"author":[{"embeddable":true,"href":"https:\/\/www.mgv-oberperfuss.at\/mgv2\/wp-json\/wp\/v2\/users\/1"}],"replies":[{"embeddable":true,"href":"https:\/\/www.mgv-oberperfuss.at\/mgv2\/wp-json\/wp\/v2\/comments?post=179"}],"version-history":[{"count":10,"href":"https:\/\/www.mgv-oberperfuss.at\/mgv2\/wp-json\/wp\/v2\/pages\/179\/revisions"}],"predecessor-version":[{"id":409,"href":"https:\/\/www.mgv-oberperfuss.at\/mgv2\/wp-json\/wp\/v2\/pages\/179\/revisions\/409"}],"wp:attachment":[{"href":"https:\/\/www.mgv-oberperfuss.at\/mgv2\/wp-json\/wp\/v2\/media?parent=179"}],"curies":[{"name":"wp","href":"https:\/\/api.w.org\/{rel}","templated":true}]}}