{"id":345,"date":"2023-11-14T10:01:35","date_gmt":"2023-11-14T10:01:35","guid":{"rendered":"https:\/\/www.mgv-oberperfuss.at\/mgv2\/?page_id=345"},"modified":"2026-01-28T12:19:06","modified_gmt":"2026-01-28T12:19:06","slug":"uber-uns","status":"publish","type":"page","link":"https:\/\/www.mgv-oberperfuss.at\/mgv2\/uber-uns\/","title":{"rendered":"\u00dcber Uns&#8230;"},"content":{"rendered":"\n<div class=\"wp-block-columns is-layout-flex wp-container-core-columns-is-layout-28f84493 wp-block-columns-is-layout-flex\">\n<div class=\"wp-block-column is-layout-flow wp-block-column-is-layout-flow\" style=\"flex-basis:66.66%\">\n<p>Unser Verein &#8211; MGV Oberperfuss &#8211; wurde 1948 gegr\u00fcndet. Aktuell hat der <strong>vierstimmige M\u00e4nnerchor<\/strong> 28 aktive Mitglieder. Martin Fauland leitet uns als Chorleiter seit 2026. G\u00fcnter Gr\u00fcnfelder f\u00fchrt den Verein als sehr engagierter Obmann seit 2024. Die Liedgutauswahl besteht aus einer tollen Mischung aus Volksliedern Jodlerliedern, Messen, Spirituals und modernen Liedern. Highlights unter vielen anderen Auftritten waren die Gastspiele in Berlin, volkst\u00fcmlicher Abend in der Staatsoper in Tunis und im Kongresshaus von Bizerta.<\/p>\n<\/div>\n\n\n\n<div class=\"wp-block-column is-layout-flow wp-block-column-is-layout-flow\" style=\"flex-basis:33.33%\">\n<figure data-wp-context=\"{&quot;imageId&quot;:&quot;69d8badb1ab28&quot;}\" data-wp-interactive=\"core\/image\" data-wp-key=\"69d8badb1ab28\" class=\"wp-block-image aligncenter size-full is-resized wp-duotone-unset-1 wp-lightbox-container\"><img loading=\"lazy\" decoding=\"async\" width=\"1200\" height=\"1731\" data-wp-class--hide=\"state.isContentHidden\" data-wp-class--show=\"state.isContentVisible\" data-wp-init=\"callbacks.setButtonStyles\" data-wp-on--click=\"actions.showLightbox\" data-wp-on--load=\"callbacks.setButtonStyles\" data-wp-on-window--resize=\"callbacks.setButtonStyles\" src=\"https:\/\/www.mgv-oberperfuss.at\/mgv2\/wp-content\/uploads\/2023\/11\/Urk_Gruendungsmitglieder_1200x1731.gif\" alt=\"\" class=\"wp-image-621\" style=\"width:245px;height:auto\"\/><button\n\t\t\tclass=\"lightbox-trigger\"\n\t\t\ttype=\"button\"\n\t\t\taria-haspopup=\"dialog\"\n\t\t\taria-label=\"Enlarge\"\n\t\t\tdata-wp-init=\"callbacks.initTriggerButton\"\n\t\t\tdata-wp-on--click=\"actions.showLightbox\"\n\t\t\tdata-wp-style--right=\"state.imageButtonRight\"\n\t\t\tdata-wp-style--top=\"state.imageButtonTop\"\n\t\t>\n\t\t\t<svg xmlns=\"http:\/\/www.w3.org\/2000\/svg\" width=\"12\" height=\"12\" fill=\"none\" viewBox=\"0 0 12 12\">\n\t\t\t\t<path fill=\"#fff\" d=\"M2 0a2 2 0 0 0-2 2v2h1.5V2a.5.5 0 0 1 .5-.5h2V0H2Zm2 10.5H2a.5.5 0 0 1-.5-.5V8H0v2a2 2 0 0 0 2 2h2v-1.5ZM8 12v-1.5h2a.5.5 0 0 0 .5-.5V8H12v2a2 2 0 0 1-2 2H8Zm2-12a2 2 0 0 1 2 2v2h-1.5V2a.5.5 0 0 0-.5-.5H8V0h2Z\" \/>\n\t\t\t<\/svg>\n\t\t<\/button><\/figure>\n<\/div>\n<\/div>\n\n\n\n<div class=\"wp-block-columns is-layout-flex wp-container-core-columns-is-layout-28f84493 wp-block-columns-is-layout-flex\">\n<div class=\"wp-block-column is-layout-flow wp-block-column-is-layout-flow\" style=\"flex-basis:33.33%\">\n<figure data-wp-context=\"{&quot;imageId&quot;:&quot;69d8badb1b60f&quot;}\" data-wp-interactive=\"core\/image\" data-wp-key=\"69d8badb1b60f\" class=\"wp-block-image size-full is-resized wp-duotone-unset-2 wp-lightbox-container\"><img loading=\"lazy\" decoding=\"async\" width=\"164\" height=\"216\" data-wp-class--hide=\"state.isContentHidden\" data-wp-class--show=\"state.isContentVisible\" data-wp-init=\"callbacks.setButtonStyles\" data-wp-on--click=\"actions.showLightbox\" data-wp-on--load=\"callbacks.setButtonStyles\" data-wp-on-window--resize=\"callbacks.setButtonStyles\" src=\"https:\/\/www.mgv-oberperfuss.at\/mgv2\/wp-content\/uploads\/2024\/01\/guenter.png\" alt=\"\" class=\"wp-image-765\" style=\"width:250px\"\/><button\n\t\t\tclass=\"lightbox-trigger\"\n\t\t\ttype=\"button\"\n\t\t\taria-haspopup=\"dialog\"\n\t\t\taria-label=\"Enlarge\"\n\t\t\tdata-wp-init=\"callbacks.initTriggerButton\"\n\t\t\tdata-wp-on--click=\"actions.showLightbox\"\n\t\t\tdata-wp-style--right=\"state.imageButtonRight\"\n\t\t\tdata-wp-style--top=\"state.imageButtonTop\"\n\t\t>\n\t\t\t<svg xmlns=\"http:\/\/www.w3.org\/2000\/svg\" width=\"12\" height=\"12\" fill=\"none\" viewBox=\"0 0 12 12\">\n\t\t\t\t<path fill=\"#fff\" d=\"M2 0a2 2 0 0 0-2 2v2h1.5V2a.5.5 0 0 1 .5-.5h2V0H2Zm2 10.5H2a.5.5 0 0 1-.5-.5V8H0v2a2 2 0 0 0 2 2h2v-1.5ZM8 12v-1.5h2a.5.5 0 0 0 .5-.5V8H12v2a2 2 0 0 1-2 2H8Zm2-12a2 2 0 0 1 2 2v2h-1.5V2a.5.5 0 0 0-.5-.5H8V0h2Z\" \/>\n\t\t\t<\/svg>\n\t\t<\/button><\/figure>\n<\/div>\n\n\n\n<div class=\"wp-block-column is-layout-flow wp-block-column-is-layout-flow\" style=\"flex-basis:66.66%\">\n<div class=\"wp-block-group is-vertical is-layout-flex wp-container-core-group-is-layout-fe9cc265 wp-block-group-is-layout-flex\">\n<h2 class=\"wp-block-heading\">G\u00fcnter Gr\u00fcnfelder &#8211; Obmann<\/h2>\n\n\n\n<p>Seit 2024 f\u00fchrt unser neuer Obmann&nbsp;<strong>G\u00fcnter Gr\u00fcnfelder &nbsp;<\/strong>unseren Gesamtverein<strong>.<\/strong><\/p>\n\n\n\n<p>G\u00fcnter sticht durch seine hohe Motivation heraus den Verein die n\u00e4chsten Jahre mit viel Geschick und Optimismus zu f\u00fchren.<\/p>\n<\/div>\n<\/div>\n<\/div>\n\n\n\n<div class=\"wp-block-columns is-layout-flex wp-container-core-columns-is-layout-28f84493 wp-block-columns-is-layout-flex\">\n<div class=\"wp-block-column is-layout-flow wp-block-column-is-layout-flow\" style=\"flex-basis:66.66%\">\n<div class=\"wp-block-group is-vertical is-layout-flex wp-container-core-group-is-layout-fe9cc265 wp-block-group-is-layout-flex\">\n<h2 class=\"wp-block-heading\">Martin Fauland &#8211; Chorleiter<\/h2>\n\n\n\n<p>&#8230; bleibt neugierig!! Bald stellen wir hier unseren neuen Chorleiter Martin vor!<\/p>\n<\/div>\n<\/div>\n\n\n\n<div class=\"wp-block-column is-layout-flow wp-block-column-is-layout-flow\" style=\"flex-basis:33.33%\"><\/div>\n<\/div>\n\n\n\n<h2 class=\"wp-block-heading\">Unsere S\u00e4nger<\/h2>\n\n\n\n<div class=\"wp-block-columns is-layout-flex wp-container-core-columns-is-layout-28f84493 wp-block-columns-is-layout-flex\">\n<div class=\"wp-block-column is-layout-flow wp-block-column-is-layout-flow\">\n<figure class=\"wp-block-table\"><table class=\"has-fixed-layout\"><tbody><tr><td><strong>1. Tenor<\/strong><\/td><td><strong>1. Bass<\/strong><\/td><\/tr><tr><td>H\u00f6rtnagl Klaus<\/td><td>Gritsch Othmar<\/td><\/tr><tr><td>H\u00f6rtnagl Walter<\/td><td>Leiter Thomas<\/td><\/tr><tr><td>Mayr Manfred<\/td><td>Triendl Andreas<\/td><\/tr><tr><td>Triendl Andreas<\/td><td>Triendl Hubert<\/td><\/tr><tr><td>Gr\u00fcnfelder G\u00fcnter<\/td><td>Triendl Robert<\/td><\/tr><tr><td>Hueber Markus<\/td><td>Wegscheider Daniel<\/td><\/tr><tr><td>Weber Stefan<\/td><td><\/td><\/tr><tr><td>Baumann Christoph<\/td><td><\/td><\/tr><\/tbody><\/table><\/figure>\n\n\n\n<figure class=\"wp-block-table\"><table class=\"has-fixed-layout\"><tbody><tr><td><strong>2. Tenor<\/strong><\/td><td><strong>2. Bass<\/strong><\/td><\/tr><tr><td>Gr\u00fcnfelder Karl<\/td><td>Hirschberger Werner<\/td><\/tr><tr><td>Kirchmair Johann<\/td><td>Kampenhuber Martin<\/td><\/tr><tr><td>Kuen Alois<\/td><td>Lorenz Helmut jun.<\/td><\/tr><tr><td>Praxmarer Max<\/td><td>Riegler Hans<\/td><\/tr><tr><td>Rudig Walter<\/td><td>Weber Martin<\/td><\/tr><tr><td>Triendl Dietmar<\/td><td><\/td><\/tr><tr><td>Triendl Gerhard<\/td><td><\/td><\/tr><tr><td>Obex Engelbert<\/td><td><\/td><\/tr><\/tbody><\/table><\/figure>\n<\/div>\n<\/div>\n\n\n\n<h2 class=\"wp-block-heading\">Der aktuelle Ausschuss <\/h2>\n\n\n\n<div class=\"wp-block-columns is-layout-flex wp-container-core-columns-is-layout-28f84493 wp-block-columns-is-layout-flex\">\n<div class=\"wp-block-column is-layout-flow wp-block-column-is-layout-flow\" style=\"flex-basis:33.33%\">\n<figure data-wp-context=\"{&quot;imageId&quot;:&quot;69d8badb1c9f2&quot;}\" data-wp-interactive=\"core\/image\" data-wp-key=\"69d8badb1c9f2\" class=\"wp-block-image size-full wp-duotone-unset-3 wp-lightbox-container\"><img loading=\"lazy\" decoding=\"async\" width=\"400\" height=\"400\" data-wp-class--hide=\"state.isContentHidden\" data-wp-class--show=\"state.isContentVisible\" data-wp-init=\"callbacks.setButtonStyles\" data-wp-on--click=\"actions.showLightbox\" data-wp-on--load=\"callbacks.setButtonStyles\" data-wp-on-window--resize=\"callbacks.setButtonStyles\" src=\"https:\/\/www.mgv-oberperfuss.at\/mgv2\/wp-content\/uploads\/2023\/11\/ausschuss.gif\" alt=\"\" class=\"wp-image-612\"\/><button\n\t\t\tclass=\"lightbox-trigger\"\n\t\t\ttype=\"button\"\n\t\t\taria-haspopup=\"dialog\"\n\t\t\taria-label=\"Enlarge\"\n\t\t\tdata-wp-init=\"callbacks.initTriggerButton\"\n\t\t\tdata-wp-on--click=\"actions.showLightbox\"\n\t\t\tdata-wp-style--right=\"state.imageButtonRight\"\n\t\t\tdata-wp-style--top=\"state.imageButtonTop\"\n\t\t>\n\t\t\t<svg xmlns=\"http:\/\/www.w3.org\/2000\/svg\" width=\"12\" height=\"12\" fill=\"none\" viewBox=\"0 0 12 12\">\n\t\t\t\t<path fill=\"#fff\" d=\"M2 0a2 2 0 0 0-2 2v2h1.5V2a.5.5 0 0 1 .5-.5h2V0H2Zm2 10.5H2a.5.5 0 0 1-.5-.5V8H0v2a2 2 0 0 0 2 2h2v-1.5ZM8 12v-1.5h2a.5.5 0 0 0 .5-.5V8H12v2a2 2 0 0 1-2 2H8Zm2-12a2 2 0 0 1 2 2v2h-1.5V2a.5.5 0 0 0-.5-.5H8V0h2Z\" \/>\n\t\t\t<\/svg>\n\t\t<\/button><\/figure>\n<\/div>\n\n\n\n<div class=\"wp-block-column is-layout-flow wp-block-column-is-layout-flow\" style=\"flex-basis:66.66%\">\n<figure class=\"wp-block-table\"><table class=\"has-fixed-layout\"><tbody><tr><td><strong>Obmann<\/strong><\/td><td>G\u00fcnter Gr\u00fcnfelder<\/td><\/tr><tr><td><strong>Obmann Stv.<\/strong><\/td><td>Robert Triendl<\/td><\/tr><tr><td><strong>Chorleiter<\/strong><\/td><td>Martin Fauland<\/td><\/tr><tr><td><strong>Schriftf\u00fchrer<\/strong><\/td><td>Thomas Leiter<\/td><\/tr><tr><td><strong>Kassier<\/strong><\/td><td>Martin Kampenhuber<\/td><\/tr><tr><td><strong>Archivar<\/strong><\/td><td>Hubert Triendl <\/td><\/tr><tr><td><strong>Zeugwart<\/strong><\/td><td>Andreas Triendl<\/td><\/tr><\/tbody><\/table><\/figure>\n<\/div>\n<\/div>\n\n\n\n<div class=\"wp-block-columns is-layout-flex wp-container-core-columns-is-layout-28f84493 wp-block-columns-is-layout-flex\">\n<div class=\"wp-block-column is-layout-flow wp-block-column-is-layout-flow\">\n<h2 class=\"wp-block-heading\">Unsere Obm\u00e4nner<\/h2>\n\n\n\n<figure class=\"wp-block-table\"><table><tbody><tr><td><strong>1948 &#8211; 1949<\/strong><\/td><td>Triendl Johann<\/td><\/tr><tr><td><strong>1950 &#8211; 1952<\/strong>&nbsp;<\/td><td>Triendl Franz<\/td><\/tr><tr><td><strong>1953 &#8211; 1953<\/strong><\/td><td>Heis Anton sen.<\/td><\/tr><tr><td><strong>1954 &#8211; 1957<\/strong><\/td><td>Triendl Franz<\/td><\/tr><tr><td><strong>1958 &#8211; 1959<\/strong><\/td><td>\u00d6lhafen Rudolf<\/td><\/tr><tr><td><strong>1960 &#8211; 1961<\/strong>&nbsp;<\/td><td>Kirchmair Ludwig<\/td><\/tr><tr><td><strong>1962 &#8211; 1963<\/strong><\/td><td>Triendl Paul&nbsp;<\/td><\/tr><tr><td><strong>1964 &#8211; 1966<\/strong><\/td><td>Triendl Franz<\/td><\/tr><tr><td><strong>1967 &#8211; 1972<\/strong><\/td><td>Abenthung Josef<\/td><\/tr><tr><td><strong>1973 &#8211; 1975<\/strong><\/td><td>Lorenz Helmut sen.<\/td><\/tr><tr><td><strong>1976 &#8211; 1981<\/strong>&nbsp;<\/td><td>Ertl Helmut&nbsp;<\/td><\/tr><tr><td><strong>1982 &#8211; 1984<\/strong><\/td><td>Ertl Hansj\u00f6rg<\/td><\/tr><tr><td><strong>1985 &#8211; 1990<\/strong><\/td><td>H\u00f6rtnagl Alfons<\/td><\/tr><tr><td><strong>1991 &#8211; 2000<\/strong><\/td><td>Kirchmair Johann<\/td><\/tr><tr><td><strong>2001 &#8211; 2002<\/strong><\/td><td>Heis Martin<\/td><\/tr><tr><td><strong>2003 &#8211; 2006<\/strong><\/td><td>Triendl Gerhard<\/td><\/tr><tr><td><strong>2007 &#8211; 2014<\/strong><\/td><td>Triendl Andreas<\/td><\/tr><tr><td><strong>2015 &#8211; 2023<\/strong><\/td><td>Triendl Robert<\/td><\/tr><tr><td><strong>seit 2024<\/strong><\/td><td>Gr\u00fcnfelder G\u00fcnter<\/td><\/tr><\/tbody><\/table><\/figure>\n<\/div>\n\n\n\n<div class=\"wp-block-column is-layout-flow wp-block-column-is-layout-flow\">\n<h2 class=\"wp-block-heading\">Unsere Chorleiter<\/h2>\n\n\n\n<figure class=\"wp-block-table\"><table><tbody><tr><td><strong>1948 &#8211; 1953<\/strong>&nbsp;<\/td><td>&nbsp;Wurnig Franz<\/td><\/tr><tr><td>&nbsp;<strong>1954 &#8211; 1972<\/strong><\/td><td>&nbsp;Hupfauf Robert sen.<\/td><\/tr><tr><td>&nbsp;<strong>1973<\/strong><\/td><td>&nbsp;Triendl Paul<\/td><\/tr><tr><td>&nbsp;<strong>1974 &#8211; 1981<\/strong><\/td><td>&nbsp;Maringer Herbert<\/td><\/tr><tr><td><strong>1982 &#8211; 2005<\/strong><\/td><td>&nbsp;Mayr Manfred<\/td><\/tr><tr><td><strong>2006 &#8211; 2009<\/strong><\/td><td>&nbsp;Gritsch Hubert<\/td><\/tr><tr><td><strong>2010 &#8211; 2018<\/strong><\/td><td>&nbsp;Auer Thomas<\/td><\/tr><tr><td><strong>2019<\/strong> <strong>&#8211; 2025<\/strong><\/td><td>&nbsp;Emmanuel Dallapozza&nbsp;<\/td><\/tr><tr><td><strong>seit 2026<\/strong><\/td><td>Martin Fauland<\/td><\/tr><\/tbody><\/table><\/figure>\n<\/div>\n<\/div>\n\n\n\n<div class=\"wp-block-columns is-layout-flex wp-container-core-columns-is-layout-28f84493 wp-block-columns-is-layout-flex\">\n<div class=\"wp-block-column is-layout-flow wp-block-column-is-layout-flow\">\n<h2 class=\"wp-block-heading\">Ehrenzeichentr\u00e4ger in Silber<\/h2>\n\n\n\n<figure class=\"wp-block-table\"><table><tbody><tr><td>Innerbichler Franz<\/td><\/tr><tr><td>Prof. Dr. Kollarczyk Richard&nbsp;&nbsp;<\/td><\/tr><tr><td>Plazotta Ferdinand<\/td><\/tr><tr><td>Van Heyningen Bert<\/td><\/tr><\/tbody><\/table><\/figure>\n\n\n\n<h2 class=\"wp-block-heading\">Ehrenmitglieder<\/h2>\n\n\n\n<figure class=\"wp-block-table\"><table><tbody><tr><td>seit 1960<\/td><td>Niederkircher Vinzenz<\/td><\/tr><tr><td>seit 1975<\/td><td>Hermann Doris und Erich&nbsp;&nbsp;<\/td><\/tr><tr><td>seit 1986<\/td><td>Prof. Dr. Fritz Prior<\/td><\/tr><tr><td>seit 1990<\/td><td>Heis Anton<\/td><\/tr><tr><td>seit 1992<\/td><td>Abenthung Josef<\/td><\/tr><tr><td>seit 1996<\/td><td>Kirchmair Hans<\/td><\/tr><tr><td>seit 1998<\/td><td>Niederkircher Michael<\/td><\/tr><tr><td>seit 2012<\/td><td>Auer Max<\/td><\/tr><tr><td>seit 2012<\/td><td>Lorenz Helmut sen.<\/td><\/tr><tr><td>seit 2017<\/td><td>Kuen Alois<\/td><\/tr><tr><td>seit 2018<\/td><td>Wegscheider Heinz<\/td><\/tr><tr><td>seit&nbsp;2022<\/td><td>Gr\u00fcnfelder Karl<\/td><\/tr><tr><td>seit 2022<\/td><td>H\u00f6rtnagl Walter<\/td><\/tr><tr><td>seit 2024<\/td><td>Triendl Andreas<\/td><\/tr><tr><td>seit 2024<\/td><td>Triendl Gerhard<\/td><\/tr><\/tbody><\/table><\/figure>\n<\/div>\n\n\n\n<div class=\"wp-block-column is-layout-flow wp-block-column-is-layout-flow\">\n<h2 class=\"wp-block-heading\">Ehrenzeichentr\u00e4ger in Gold<\/h2>\n\n\n\n<figure class=\"wp-block-table\"><table><tbody><tr><td>Bexkens Karl<\/td><\/tr><tr><td>Risse Dieter<\/td><\/tr><tr><td>Trantow R\u00fcdiger<\/td><\/tr><tr><td>Triendl Franz<\/td><\/tr><tr><td>Wegscheider Franz<\/td><\/tr><tr><td>Wurnig Franz<\/td><\/tr><tr><td>W\u00fcrtele Ernst<\/td><\/tr><\/tbody><\/table><\/figure>\n\n\n\n<h2 class=\"wp-block-heading\">Ehrenchorleiter<\/h2>\n\n\n\n<figure class=\"wp-block-table\"><table><tbody><tr><td>seit 1974<\/td><td>&nbsp;Hupfauf Robert sen.<\/td><\/tr><tr><td>seit 2008<\/td><td>&nbsp;Mayr Manfred<\/td><\/tr><\/tbody><\/table><\/figure>\n\n\n\n<h2 class=\"wp-block-heading\">Ehrenobmann<\/h2>\n\n\n\n<figure class=\"wp-block-table\"><table><tbody><tr><td>seit 2014<\/td><td>Kirchmair Johann<\/td><\/tr><\/tbody><\/table><\/figure>\n<\/div>\n<\/div>\n","protected":false},"excerpt":{"rendered":"<p>Unser Verein &#8211; MGV Oberperfuss &#8211; wurde 1948 gegr\u00fcndet. Aktuell hat der vierstimmige M\u00e4nnerchor 28 aktive Mitglieder. Martin Fauland leitet uns als Chorleiter seit 2026. G\u00fcnter Gr\u00fcnfelder f\u00fchrt den Verein als sehr engagierter Obmann seit 2024. Die Liedgutauswahl besteht aus einer tollen Mischung aus Volksliedern Jodlerliedern, Messen, Spirituals und modernen Liedern. Highlights unter vielen anderen [&hellip;]<\/p>\n","protected":false},"author":1,"featured_media":0,"parent":0,"menu_order":0,"comment_status":"closed","ping_status":"closed","template":"page-with-sidebar","meta":{"ngg_post_thumbnail":0,"footnotes":""},"class_list":["post-345","page","type-page","status-publish","hentry"],"_links":{"self":[{"href":"https:\/\/www.mgv-oberperfuss.at\/mgv2\/wp-json\/wp\/v2\/pages\/345","targetHints":{"allow":["GET"]}}],"collection":[{"href":"https:\/\/www.mgv-oberperfuss.at\/mgv2\/wp-json\/wp\/v2\/pages"}],"about":[{"href":"https:\/\/www.mgv-oberperfuss.at\/mgv2\/wp-json\/wp\/v2\/types\/page"}],"author":[{"embeddable":true,"href":"https:\/\/www.mgv-oberperfuss.at\/mgv2\/wp-json\/wp\/v2\/users\/1"}],"replies":[{"embeddable":true,"href":"https:\/\/www.mgv-oberperfuss.at\/mgv2\/wp-json\/wp\/v2\/comments?post=345"}],"version-history":[{"count":50,"href":"https:\/\/www.mgv-oberperfuss.at\/mgv2\/wp-json\/wp\/v2\/pages\/345\/revisions"}],"predecessor-version":[{"id":1486,"href":"https:\/\/www.mgv-oberperfuss.at\/mgv2\/wp-json\/wp\/v2\/pages\/345\/revisions\/1486"}],"wp:attachment":[{"href":"https:\/\/www.mgv-oberperfuss.at\/mgv2\/wp-json\/wp\/v2\/media?parent=345"}],"curies":[{"name":"wp","href":"https:\/\/api.w.org\/{rel}","templated":true}]}}