{"id":359,"date":"2023-11-14T10:59:13","date_gmt":"2023-11-14T10:59:13","guid":{"rendered":"https:\/\/www.mgv-oberperfuss.at\/mgv2\/?page_id=359"},"modified":"2023-11-14T11:51:39","modified_gmt":"2023-11-14T11:51:39","slug":"m-i-t-m-a-c-h-e-n","status":"publish","type":"page","link":"https:\/\/www.mgv-oberperfuss.at\/mgv2\/m-i-t-m-a-c-h-e-n\/","title":{"rendered":"M I T M A C H E N ! ! !"},"content":{"rendered":"\n<div class=\"wp-block-columns is-layout-flex wp-container-core-columns-is-layout-28f84493 wp-block-columns-is-layout-flex\">\n<div class=\"wp-block-column is-layout-flow wp-block-column-is-layout-flow\" style=\"flex-basis:33.33%\">\n<figure data-wp-context=\"{&quot;imageId&quot;:&quot;69f88cfcb2c9d&quot;}\" data-wp-interactive=\"core\/image\" data-wp-key=\"69f88cfcb2c9d\" class=\"wp-block-image size-full wp-duotone-unset-1 wp-lightbox-container\"><img loading=\"lazy\" decoding=\"async\" width=\"1600\" height=\"1200\" data-wp-class--hide=\"state.isContentHidden\" data-wp-class--show=\"state.isContentVisible\" data-wp-init=\"callbacks.setButtonStyles\" data-wp-on--click=\"actions.showLightbox\" data-wp-on--load=\"callbacks.setButtonStyles\" data-wp-on-window--resize=\"callbacks.setButtonStyles\" src=\"https:\/\/www.mgv-oberperfuss.at\/mgv2\/wp-content\/uploads\/2023\/11\/Sangerprobe.jpg\" alt=\"\" class=\"wp-image-363\"\/><button\n\t\t\tclass=\"lightbox-trigger\"\n\t\t\ttype=\"button\"\n\t\t\taria-haspopup=\"dialog\"\n\t\t\taria-label=\"Enlarge\"\n\t\t\tdata-wp-init=\"callbacks.initTriggerButton\"\n\t\t\tdata-wp-on--click=\"actions.showLightbox\"\n\t\t\tdata-wp-style--right=\"state.imageButtonRight\"\n\t\t\tdata-wp-style--top=\"state.imageButtonTop\"\n\t\t>\n\t\t\t<svg xmlns=\"http:\/\/www.w3.org\/2000\/svg\" width=\"12\" height=\"12\" fill=\"none\" viewBox=\"0 0 12 12\">\n\t\t\t\t<path fill=\"#fff\" d=\"M2 0a2 2 0 0 0-2 2v2h1.5V2a.5.5 0 0 1 .5-.5h2V0H2Zm2 10.5H2a.5.5 0 0 1-.5-.5V8H0v2a2 2 0 0 0 2 2h2v-1.5ZM8 12v-1.5h2a.5.5 0 0 0 .5-.5V8H12v2a2 2 0 0 1-2 2H8Zm2-12a2 2 0 0 1 2 2v2h-1.5V2a.5.5 0 0 0-.5-.5H8V0h2Z\" \/>\n\t\t\t<\/svg>\n\t\t<\/button><figcaption class=\"wp-element-caption\">Probenlokal<\/figcaption><\/figure>\n<\/div>\n\n\n\n<div class=\"wp-block-column is-layout-flow wp-block-column-is-layout-flow\" style=\"flex-basis:66.66%\">\n<p><strong>Mitmachen und mitsingen kann\/darf\/soll jeder, sobald er den Stimmbruch hinter sich gebracht hat.<\/strong><\/p>\n\n\n\n<p>Habt bitte keine falsche Scheu. Notenkenntnisse sind zwar von Vorteil &#8211; haben bei uns aber die Wenigsten \ud83d\ude09 Hauptsache du hast Freude und Lust am Singen und bist gerne in einem netten Verein!<\/p>\n\n\n\n<p><strong>Wir proben jeden Mittwoch abends um 19:00 Uhr<\/strong> in unserem Vereinslokal &#8211; Peter Anich Weg 1 (Gemeinde-\/RAIKA-Haus), Oberperfuss. Manchmal k\u00f6nnen die Proben im Anschluss etwas in die Verl\u00e4ngerung gehen &#8211; die Kehlen k\u00f6nnen beim Singen schon trocken werden&#8230; \ud83d\ude09<\/p>\n\n\n\n<p>Am besten du rufst einfach unseren Obmann an oder kommst direkt einmal bei einer Probe vorbei. Die <a href=\"https:\/\/www.mgv-oberperfuss.at\/mgv2\/verbindet-euch-mit-uns\/\" data-type=\"page\" data-id=\"372\">Kontaktdaten<\/a> siehst du hier. Wir freuen uns auf dich!!<\/p>\n<\/div>\n<\/div>\n","protected":false},"excerpt":{"rendered":"<p>Mitmachen und mitsingen kann\/darf\/soll jeder, sobald er den Stimmbruch hinter sich gebracht hat. Habt bitte keine falsche Scheu. Notenkenntnisse sind zwar von Vorteil &#8211; haben bei uns aber die Wenigsten \ud83d\ude09 Hauptsache du hast Freude und Lust am Singen und bist gerne in einem netten Verein! Wir proben jeden Mittwoch abends um 19:00 Uhr in [&hellip;]<\/p>\n","protected":false},"author":1,"featured_media":0,"parent":0,"menu_order":0,"comment_status":"closed","ping_status":"closed","template":"page-with-sidebar","meta":{"ngg_post_thumbnail":0,"footnotes":""},"class_list":["post-359","page","type-page","status-publish","hentry"],"_links":{"self":[{"href":"https:\/\/www.mgv-oberperfuss.at\/mgv2\/wp-json\/wp\/v2\/pages\/359","targetHints":{"allow":["GET"]}}],"collection":[{"href":"https:\/\/www.mgv-oberperfuss.at\/mgv2\/wp-json\/wp\/v2\/pages"}],"about":[{"href":"https:\/\/www.mgv-oberperfuss.at\/mgv2\/wp-json\/wp\/v2\/types\/page"}],"author":[{"embeddable":true,"href":"https:\/\/www.mgv-oberperfuss.at\/mgv2\/wp-json\/wp\/v2\/users\/1"}],"replies":[{"embeddable":true,"href":"https:\/\/www.mgv-oberperfuss.at\/mgv2\/wp-json\/wp\/v2\/comments?post=359"}],"version-history":[{"count":7,"href":"https:\/\/www.mgv-oberperfuss.at\/mgv2\/wp-json\/wp\/v2\/pages\/359\/revisions"}],"predecessor-version":[{"id":377,"href":"https:\/\/www.mgv-oberperfuss.at\/mgv2\/wp-json\/wp\/v2\/pages\/359\/revisions\/377"}],"wp:attachment":[{"href":"https:\/\/www.mgv-oberperfuss.at\/mgv2\/wp-json\/wp\/v2\/media?parent=359"}],"curies":[{"name":"wp","href":"https:\/\/api.w.org\/{rel}","templated":true}]}}