{"id":372,"date":"2023-11-14T11:38:26","date_gmt":"2023-11-14T11:38:26","guid":{"rendered":"https:\/\/www.mgv-oberperfuss.at\/mgv2\/?page_id=372"},"modified":"2024-02-29T08:06:08","modified_gmt":"2024-02-29T08:06:08","slug":"verbindet-euch-mit-uns","status":"publish","type":"page","link":"https:\/\/www.mgv-oberperfuss.at\/mgv2\/verbindet-euch-mit-uns\/","title":{"rendered":"Verbindet euch mit uns&#8230;"},"content":{"rendered":"\n<p>Wir freuen uns sehr, wenn ihr \u00fcber unseren Obmann mit uns Kontakt aufnehmt. F\u00fcr konstruktive Kritik, Verbesserungsvorschl\u00e4ge,&#8230; nat\u00fcrlich auch Lob,&#8230; haben wir immer &#8220;offene Ohren&#8221;&#8230; Besonders freuen wir uns, wenn ihr bei uns mitsingen m\u00f6chtet!!! Motivation daf\u00fcr findest du <a href=\"https:\/\/www.mgv-oberperfuss.at\/mgv2\/m-i-t-m-a-c-h-e-n\/\" data-type=\"page\" data-id=\"359\">hier<\/a>!!<\/p>\n\n\n\n<h2 class=\"wp-block-heading\">G\u00fcnter Gr\u00fcnfelder<\/h2>\n\n\n\n<div class=\"wp-block-columns is-layout-flex wp-container-core-columns-is-layout-28f84493 wp-block-columns-is-layout-flex\">\n<div class=\"wp-block-column is-layout-flow wp-block-column-is-layout-flow\" style=\"flex-basis:33.33%\">\n<figure data-wp-context=\"{&quot;imageId&quot;:&quot;69da24e210393&quot;}\" data-wp-interactive=\"core\/image\" data-wp-key=\"69da24e210393\" class=\"wp-block-image size-full wp-duotone-unset-1 wp-lightbox-container\"><img loading=\"lazy\" decoding=\"async\" width=\"164\" height=\"216\" data-wp-class--hide=\"state.isContentHidden\" data-wp-class--show=\"state.isContentVisible\" data-wp-init=\"callbacks.setButtonStyles\" data-wp-on--click=\"actions.showLightbox\" data-wp-on--load=\"callbacks.setButtonStyles\" data-wp-on-window--resize=\"callbacks.setButtonStyles\" src=\"https:\/\/www.mgv-oberperfuss.at\/mgv2\/wp-content\/uploads\/2024\/01\/guenter.png\" alt=\"\" class=\"wp-image-765\"\/><button\n\t\t\tclass=\"lightbox-trigger\"\n\t\t\ttype=\"button\"\n\t\t\taria-haspopup=\"dialog\"\n\t\t\taria-label=\"Enlarge\"\n\t\t\tdata-wp-init=\"callbacks.initTriggerButton\"\n\t\t\tdata-wp-on--click=\"actions.showLightbox\"\n\t\t\tdata-wp-style--right=\"state.imageButtonRight\"\n\t\t\tdata-wp-style--top=\"state.imageButtonTop\"\n\t\t>\n\t\t\t<svg xmlns=\"http:\/\/www.w3.org\/2000\/svg\" width=\"12\" height=\"12\" fill=\"none\" viewBox=\"0 0 12 12\">\n\t\t\t\t<path fill=\"#fff\" d=\"M2 0a2 2 0 0 0-2 2v2h1.5V2a.5.5 0 0 1 .5-.5h2V0H2Zm2 10.5H2a.5.5 0 0 1-.5-.5V8H0v2a2 2 0 0 0 2 2h2v-1.5ZM8 12v-1.5h2a.5.5 0 0 0 .5-.5V8H12v2a2 2 0 0 1-2 2H8Zm2-12a2 2 0 0 1 2 2v2h-1.5V2a.5.5 0 0 0-.5-.5H8V0h2Z\" \/>\n\t\t\t<\/svg>\n\t\t<\/button><\/figure>\n<\/div>\n\n\n\n<div class=\"wp-block-column is-layout-flow wp-block-column-is-layout-flow\" style=\"flex-basis:66.66%\">\n<figure class=\"wp-block-table\"><table><tbody><tr><td>Adresse:<\/td><td>Kammerland 18a<br>A-6173 Oberperfuss<\/td><\/tr><tr><td>Handy:<\/td><td>+43-664-2827186<\/td><\/tr><tr><td>E-Mail:<\/td><td><a href=\"mailto:guenter.gruenfelder@mgv-oberperfuss.at\">guenter.gruenfelder@mgv-oberperfuss.at<\/a><\/td><\/tr><tr><td>S\u00e4ngerkonto:<\/td><td>M\u00e4nnergesangsverein Oberperfuss<br>IBAN: AT09 3633 6000 0172 2107<br>BIC: RZTIAT22336<br>Bank: RAIFFEISENBANK TIROL MITTE WEST<\/td><\/tr><\/tbody><\/table><\/figure>\n<\/div>\n<\/div>\n","protected":false},"excerpt":{"rendered":"<p>Wir freuen uns sehr, wenn ihr \u00fcber unseren Obmann mit uns Kontakt aufnehmt. F\u00fcr konstruktive Kritik, Verbesserungsvorschl\u00e4ge,&#8230; nat\u00fcrlich auch Lob,&#8230; haben wir immer &#8220;offene Ohren&#8221;&#8230; Besonders freuen wir uns, wenn ihr bei uns mitsingen m\u00f6chtet!!! Motivation daf\u00fcr findest du hier!! G\u00fcnter Gr\u00fcnfelder Adresse: Kammerland 18aA-6173 Oberperfuss Handy: +43-664-2827186 E-Mail: guenter.gruenfelder@mgv-oberperfuss.at S\u00e4ngerkonto: M\u00e4nnergesangsverein OberperfussIBAN: AT09 3633 [&hellip;]<\/p>\n","protected":false},"author":1,"featured_media":0,"parent":0,"menu_order":0,"comment_status":"closed","ping_status":"closed","template":"page-with-sidebar","meta":{"ngg_post_thumbnail":0,"footnotes":""},"class_list":["post-372","page","type-page","status-publish","hentry"],"_links":{"self":[{"href":"https:\/\/www.mgv-oberperfuss.at\/mgv2\/wp-json\/wp\/v2\/pages\/372","targetHints":{"allow":["GET"]}}],"collection":[{"href":"https:\/\/www.mgv-oberperfuss.at\/mgv2\/wp-json\/wp\/v2\/pages"}],"about":[{"href":"https:\/\/www.mgv-oberperfuss.at\/mgv2\/wp-json\/wp\/v2\/types\/page"}],"author":[{"embeddable":true,"href":"https:\/\/www.mgv-oberperfuss.at\/mgv2\/wp-json\/wp\/v2\/users\/1"}],"replies":[{"embeddable":true,"href":"https:\/\/www.mgv-oberperfuss.at\/mgv2\/wp-json\/wp\/v2\/comments?post=372"}],"version-history":[{"count":3,"href":"https:\/\/www.mgv-oberperfuss.at\/mgv2\/wp-json\/wp\/v2\/pages\/372\/revisions"}],"predecessor-version":[{"id":830,"href":"https:\/\/www.mgv-oberperfuss.at\/mgv2\/wp-json\/wp\/v2\/pages\/372\/revisions\/830"}],"wp:attachment":[{"href":"https:\/\/www.mgv-oberperfuss.at\/mgv2\/wp-json\/wp\/v2\/media?parent=372"}],"curies":[{"name":"wp","href":"https:\/\/api.w.org\/{rel}","templated":true}]}}