{"id":410,"date":"2023-11-14T13:16:52","date_gmt":"2023-11-14T13:16:52","guid":{"rendered":"https:\/\/www.mgv-oberperfuss.at\/mgv2\/?page_id=410"},"modified":"2023-11-14T13:24:07","modified_gmt":"2023-11-14T13:24:07","slug":"impressum","status":"publish","type":"page","link":"https:\/\/www.mgv-oberperfuss.at\/mgv2\/impressum\/","title":{"rendered":"Impressum"},"content":{"rendered":"\n<p>Medieninhaber und Herausgeber: M\u00e4nnergesangsverein Oberperfuss <strong>ZVR-Nr.: 111019535<\/strong><\/p>\n\n\n\n<p>A-6020 Oberperfuss<\/p>\n\n\n\n<p>obmann@mgv-oberperfuss.at <\/p>\n\n\n\n<p>Obmann: Robert Triendl<\/p>\n\n\n\n<p>Chorleiter: Emmanuel Dallapozza<\/p>\n\n\n\n<p>Haftungsausschluss: F\u00fcr die Richtigkeit und Vollst\u00e4ndigkeit der Inhalte auf diesen Seiten wird keinerlei Gew\u00e4hr \u00fcbernommen. Den mittels Internet angebotenen Informationen kommt keinerlei Rechtsverbindlichkeit zu. Wir m\u00f6chten ausdr\u00fccklich betonen, dass wir auf die Gestaltung und die Inhalte von Seiten, auf die wir einen Link schalten, keinerlei Einfluss haben. F\u00fcr die Inhalte und die Richtigkeit von gelinkten Seiten \u00fcbernehmen wir keinerlei Haftung. Die enthaltenen Inhalte auf diesen Seiten sind urheberrechtlich oder durch gesetzliche Grundlagen gesch\u00fctzt.<\/p>\n\n\n\n<p>Verweise auf fremde Webseiten liegen au\u00dferhalb des Verantwortungsbereiches des Autors dieser Webseite. Eine Haftung f\u00fcr die Inhalte von verlinkten Seiten ist ausgeschlossen, zumal der Autor keinen Einfluss auf die Inhalte und Gestaltung von verlinkten Seiten hat. F\u00fcr Inhalte von extern verlinkten Seiten haftet allein der Anbieter dieser fremden Webseiten. Sollten verlinkte Seiten illegale, fehlerhafte, unvollst\u00e4ndige, beleidigende oder sittenwidrige Informationen beinhalten, bitten wir um Benachrichtigung um die Verlinkung sofort aufheben zu k\u00f6nnen.<\/p>\n","protected":false},"excerpt":{"rendered":"<p>Medieninhaber und Herausgeber: M\u00e4nnergesangsverein Oberperfuss ZVR-Nr.: 111019535 A-6020 Oberperfuss obmann@mgv-oberperfuss.at Obmann: Robert Triendl Chorleiter: Emmanuel Dallapozza Haftungsausschluss: F\u00fcr die Richtigkeit und Vollst\u00e4ndigkeit der Inhalte auf diesen Seiten wird keinerlei Gew\u00e4hr \u00fcbernommen. Den mittels Internet angebotenen Informationen kommt keinerlei Rechtsverbindlichkeit zu. Wir m\u00f6chten ausdr\u00fccklich betonen, dass wir auf die Gestaltung und die Inhalte von Seiten, auf [&hellip;]<\/p>\n","protected":false},"author":1,"featured_media":0,"parent":0,"menu_order":0,"comment_status":"closed","ping_status":"closed","template":"page-with-sidebar","meta":{"ngg_post_thumbnail":0,"footnotes":""},"class_list":["post-410","page","type-page","status-publish","hentry"],"_links":{"self":[{"href":"https:\/\/www.mgv-oberperfuss.at\/mgv2\/wp-json\/wp\/v2\/pages\/410","targetHints":{"allow":["GET"]}}],"collection":[{"href":"https:\/\/www.mgv-oberperfuss.at\/mgv2\/wp-json\/wp\/v2\/pages"}],"about":[{"href":"https:\/\/www.mgv-oberperfuss.at\/mgv2\/wp-json\/wp\/v2\/types\/page"}],"author":[{"embeddable":true,"href":"https:\/\/www.mgv-oberperfuss.at\/mgv2\/wp-json\/wp\/v2\/users\/1"}],"replies":[{"embeddable":true,"href":"https:\/\/www.mgv-oberperfuss.at\/mgv2\/wp-json\/wp\/v2\/comments?post=410"}],"version-history":[{"count":4,"href":"https:\/\/www.mgv-oberperfuss.at\/mgv2\/wp-json\/wp\/v2\/pages\/410\/revisions"}],"predecessor-version":[{"id":415,"href":"https:\/\/www.mgv-oberperfuss.at\/mgv2\/wp-json\/wp\/v2\/pages\/410\/revisions\/415"}],"wp:attachment":[{"href":"https:\/\/www.mgv-oberperfuss.at\/mgv2\/wp-json\/wp\/v2\/media?parent=410"}],"curies":[{"name":"wp","href":"https:\/\/api.w.org\/{rel}","templated":true}]}}